{"id":630,"date":"2020-06-22T13:29:31","date_gmt":"2020-06-22T11:29:31","guid":{"rendered":"https:\/\/indigokrakow.com\/?page_id=630"},"modified":"2020-06-22T16:14:03","modified_gmt":"2020-06-22T14:14:03","slug":"ochrona-danych-klauzula-informacyjna-art-13-rodo","status":"publish","type":"page","link":"https:\/\/indigokrakow.com\/en\/ochrona-danych-klauzula-informacyjna-art-13-rodo\/","title":{"rendered":"OCHRONA DANYCH \u2013 KLAUZULA INFORMACYJNA ART. 13 RODO"},"content":{"rendered":"<p><strong>OCHRONA DANYCH \u2013 KLAUZULA INFORMACYJNA ART. 13 RODO<\/strong><\/p>\n<p>Realizuj\u0105c zasady podstawowych praw i wolno\u015bci os\u00f3b fizycznych, w szczeg\u00f3lno\u015bci prawa do ochrony danych osobowych os\u00f3b fizycznych, informujemy zgodnie z art.13 ust.3 i 4 RODO, \u017ce:<\/p>\n<p>Administratorem Pa\u0144stwa danych osobowych b\u0119dzie:<br \/>\n<strong>HOTEL FILIPA 18 sp. z o. o. z siedzib\u0105 w Krakowie przy ul. Aleja Pokoju 1, zarejestrowana w rejestrze przedsi\u0119biorc\u00f3w Krajowego Rejestru S\u0105dowego pod numerem 0000542604.<\/strong><\/p>\n<p><strong>KONTAKT<\/strong><br \/>\nMo\u017cna si\u0119 z nami kontaktowa\u0107 w nast\u0119puj\u0105cy spos\u00f3b:<br \/>\na. listownie: ul. Aleja Pokoju 1, 31-548 Krak\u00f3w<br \/>\nb. przez poczt\u0119 elektroniczn\u0105 na adres:\u00a0<a href=\"mailto:reservation@indigokrakow.com\">reservation@indigokrakow.com<\/a><br \/>\nc. telefonicznie: +48 300 30 30<\/p>\n<p>W sprawach zwi\u0105zanych z ochron\u0105 danych prosimy o kontakt z koordynatorem ds. ochrony danych na adres:\u00a0<a href=\"mailto:reservation@indigokrakow.com\">reservation@indigokrakow.com<\/a><\/p>\n<p><strong>CELE, PODSTAWY I KATEGORIE DANYCH<\/strong><br \/>\nB\u0119dziemy przetwarza\u0107 Pa\u0144stwa dane osobowe zgodnie z prawem wynikaj\u0105cym z og\u00f3lnego rozporz\u0105dzenia RODO spe\u0142niaj\u0105c poni\u017csze warunki:<\/p>\n<ul>\n<li>(art. 6 ust. 1 lit. a) osoba, kt\u00f3rej dane dotycz\u0105 wyrazi\u0142a zgod\u0119 na przetwarzanie swoich danych osobowych (KORESPONDENCJA \u2013 imi\u0119 i nazwisko, adres e-mail; FORMULARZ KONTAKTOWY \u2013 imi\u0119<br \/>\ni nazwisko, nr telefonu, adres e-mail, firma; REKRUTACJA \u2013 imi\u0119 i nazwisko, adres, nr telefonu, wykszta\u0142cenie, przebieg zatrudnienia);<\/li>\n<li>(art. 6 ust. 1 lit. b) przetwarzanie jest niezb\u0119dne do wykonania umowy, kt\u00f3rej stron\u0105 jest osoba, kt\u00f3rej dane dotycz\u0105, lub do podj\u0119cia dzia\u0142a\u0144 na \u017c\u0105danie osoby, kt\u00f3rej dane dotycz\u0105, przed zawarciem umowy (w zwi\u0105zku z Kodeksem cywilnym: UMOWA \u2013 dane niezb\u0119dne do zawarcia umowy cywilno-prawnej, dane kontrahenta);<\/li>\n<li>(art. 6 ust. 1 lit. c) zgodnie z obowi\u0105zkami prawnymi (mi\u0119dzy innymi w zwi\u0105zku z Kodeksem pracy<br \/>\nUMOWA O PRAC\u0118 \u2013 dane niezb\u0119dne do zawarcia umowy o prac\u0119).<\/li>\n<\/ul>\n<p><strong>ODBIORCY I PROFILOWANIE<\/strong><br \/>\nPa\u0144stwa dane osobowe b\u0119d\u0105 przekazywane innym podmiotom w rozumieniu RODO jedynie w celu realizacji us\u0142ug. Odbiorcami Pa\u0144stwa danych osobowych w zakresie us\u0142ug IT oraz finansowo-ubezpieczeniowych mog\u0105 by\u0107 podmioty wsp\u00f3\u0142pracuj\u0105ce z administratorem w celu realizacji tych us\u0142ug.<br \/>\nNa co dzie\u0144 wsp\u00f3\u0142pracujemy z krajami z poza UE, je\u015bli Pa\u0144stwa dane osobowe b\u0119dziemy przekazywa\u0107 innym podmiotom spoza UE poinformujemy o tym fakcie.<br \/>\nPa\u0144stwa dane nie b\u0119d\u0105 podlega\u0142y zautomatyzowanemu profilowaniu.<\/p>\n<p><strong>CZAS<\/strong><br \/>\nPa\u0144stwa dane osobowe b\u0119d\u0105 przetwarzane g\u0142\u00f3wnie w zwi\u0105zku z obowi\u0105zkiem prawnym ci\u0105\u017c\u0105cym na administratorze lub na podstawie zgody, przez czas realizacji zadania, do kt\u00f3rego zosta\u0142y zebrane, a nast\u0119pnie w przypadku:<\/p>\n<ul>\n<li>Korespondencji, przez okres 2 lat od ostatniego kontaktu;<\/li>\n<li>CV przez okres 1 roku;<\/li>\n<li>dokumentacji rozliczeniowej oraz innych dokument\u00f3w z ni\u0105 zwi\u0105zanych przez okres 6 lat lub przed okres przedawnienia roszcze\u0144.<\/li>\n<\/ul>\n<p><strong>PRAWO<\/strong><br \/>\nZgodnie z RODO przys\u0142uguje Pa\u0144stwu:<br \/>\na. prawo dost\u0119pu do swoich danych oraz otrzymania ich kopii;<br \/>\nb. prawo do sprostowania (poprawiania) swoich danych;<br \/>\nc. prawo do usuni\u0119cia danych osobowych, w sytuacji, gdy przetwarzanie danych nie nast\u0119puje w celu wywi\u0105zania si\u0119 z obowi\u0105zku wynikaj\u0105cego z przepisu prawa lub w ramach sprawowania w\u0142adzy publicznej;<br \/>\nd. prawo do ograniczenia przetwarzania danych;<br \/>\ne. prawo do wniesienia sprzeciwu wobec przetwarzania danych;<br \/>\nf. prawo do wniesienia skargi do Prezes UODO (na adres Urz\u0119du Ochrony Danych Osobowych, ul. Stawki 2, 00 &#8211; 193 Warszawa)<\/p>\n<p>HOTEL FILIPA 18 sp. z o. o. o\u015bwiadcza i zapewnia, \u017ce stosuje \u015brodki techniczne i organizacyjne w celu zapewnienia bezpiecze\u0144stwa procesom przetwarzania danych osobowych odpowiadaj\u0105cym wymaganiom okre\u015blonym w RODO, w szczeg\u00f3lno\u015bci postanowieniom art. 32 RODO.<br \/>\nSzczeg\u00f3\u0142owe informacje dost\u0119pne pod adresem\u00a0<a href=\"https:\/\/indigokrakow.com\/\">https:\/\/indigokrakow.com\/<\/a><\/p>","protected":false},"excerpt":{"rendered":"<p>OCHRONA DANYCH \u2013 KLAUZULA INFORMACYJNA ART. 13 RODO Realizuj\u0105c zasady podstawowych praw i [&hellip;]<\/p>\n","protected":false},"author":7,"featured_media":0,"parent":0,"menu_order":1,"comment_status":"closed","ping_status":"closed","template":"","meta":{"footnotes":""},"class_list":["post-630","page","type-page","status-publish","hentry"],"_links":{"self":[{"href":"https:\/\/indigokrakow.com\/en\/wp-json\/wp\/v2\/pages\/630"}],"collection":[{"href":"https:\/\/indigokrakow.com\/en\/wp-json\/wp\/v2\/pages"}],"about":[{"href":"https:\/\/indigokrakow.com\/en\/wp-json\/wp\/v2\/types\/page"}],"author":[{"embeddable":true,"href":"https:\/\/indigokrakow.com\/en\/wp-json\/wp\/v2\/users\/7"}],"replies":[{"embeddable":true,"href":"https:\/\/indigokrakow.com\/en\/wp-json\/wp\/v2\/comments?post=630"}],"version-history":[{"count":6,"href":"https:\/\/indigokrakow.com\/en\/wp-json\/wp\/v2\/pages\/630\/revisions"}],"predecessor-version":[{"id":636,"href":"https:\/\/indigokrakow.com\/en\/wp-json\/wp\/v2\/pages\/630\/revisions\/636"}],"wp:attachment":[{"href":"https:\/\/indigokrakow.com\/en\/wp-json\/wp\/v2\/media?parent=630"}],"curies":[{"name":"wp","href":"https:\/\/api.w.org\/{rel}","templated":true}]}}